{"id":21975,"date":"2026-02-11T17:10:31","date_gmt":"2026-02-11T16:10:31","guid":{"rendered":"https:\/\/elalmacendeloza.com\/sin categor\u00eda\/seagrass-cuenco\/"},"modified":"2026-04-17T19:22:32","modified_gmt":"2026-04-17T17:22:32","slug":"seagrass-cuenco","status":"publish","type":"product","link":"https:\/\/old.elalmacendeloza.com\/en\/nueva-coleccion\/seagrass-cuenco\/","title":{"rendered":"Seagrass- cuenco"},"content":{"rendered":"","protected":false},"excerpt":{"rendered":"<article>\n<\/article>\n<p><span>El cuenco seagrass de hierba marina tejida encarna el encanto bohemio y la artesan\u00eda natural, lo que lo convierte en un accesorio perfecto para tu hogar. Fabricado a mano con hierbas marinas de origen \u00e9tico y te\u00f1ido a mano en tonos c\u00e1lidos, este cuenco combina estilo y calidez. Su dise\u00f1o resistente al moho garantiza su durabilidad, incluso en ambientes h\u00famedos, lo que lo hace ideal tanto para uso funcional como decorativo. Ya sea para contener frutas frescas, peque\u00f1os objetos o simplemente para a\u00f1adir textura a tu espacio, el cuenco Hydra de hierba marina ofrece una combinaci\u00f3n de dise\u00f1o ecol\u00f3gico y atractivo atemporal.<\/span><\/p>\n<p>Medidas: 12cm\u00a0<\/p>\n<p>Hecho a mano en Vietnam<\/p>\n<p>Material: Vidrio + alga marina.\u00a0<\/p>\n<p><strong>Cuidados:<\/strong><\/p>\n<p>El cristal se puede meter en el lavaplatos.<\/p>\n<p><\/p>\n<p><\/p>\n<p><\/p>\n<p><\/p>\n<p><\/p>\n","protected":false},"featured_media":21976,"comment_status":"open","ping_status":"closed","template":"","meta":[],"product_brand":[],"product_cat":[135,1773],"product_tag":[],"class_list":{"0":"post-21975","1":"product","2":"type-product","3":"status-publish","4":"has-post-thumbnail","6":"product_cat-cuencos","7":"product_cat-nueva-coleccion","8":"pa_brand-behome","9":"pa_color-blanco","10":"pa_color-gris","11":"pa_color-rosa","12":"pa_tamano-12-cm","14":"first","15":"instock","16":"taxable","17":"shipping-taxable","18":"purchasable","19":"product-type-variable"},"_links":{"self":[{"href":"https:\/\/old.elalmacendeloza.com\/en\/wp-json\/wp\/v2\/product\/21975","targetHints":{"allow":["GET"]}}],"collection":[{"href":"https:\/\/old.elalmacendeloza.com\/en\/wp-json\/wp\/v2\/product"}],"about":[{"href":"https:\/\/old.elalmacendeloza.com\/en\/wp-json\/wp\/v2\/types\/product"}],"replies":[{"embeddable":true,"href":"https:\/\/old.elalmacendeloza.com\/en\/wp-json\/wp\/v2\/comments?post=21975"}],"wp:featuredmedia":[{"embeddable":true,"href":"https:\/\/old.elalmacendeloza.com\/en\/wp-json\/wp\/v2\/media\/21976"}],"wp:attachment":[{"href":"https:\/\/old.elalmacendeloza.com\/en\/wp-json\/wp\/v2\/media?parent=21975"}],"wp:term":[{"taxonomy":"product_brand","embeddable":true,"href":"https:\/\/old.elalmacendeloza.com\/en\/wp-json\/wp\/v2\/product_brand?post=21975"},{"taxonomy":"product_cat","embeddable":true,"href":"https:\/\/old.elalmacendeloza.com\/en\/wp-json\/wp\/v2\/product_cat?post=21975"},{"taxonomy":"product_tag","embeddable":true,"href":"https:\/\/old.elalmacendeloza.com\/en\/wp-json\/wp\/v2\/product_tag?post=21975"}],"curies":[{"name":"wp","href":"https:\/\/api.w.org\/{rel}","templated":true}]}}