{"id":21952,"date":"2026-02-11T11:24:41","date_gmt":"2026-02-11T10:24:41","guid":{"rendered":"https:\/\/elalmacendeloza.com\/sin%20categor\u00eda\/romeo-individuales-facil-de-limpiar\/"},"modified":"2026-04-07T18:04:00","modified_gmt":"2026-04-07T16:04:00","slug":"romeo-individuales-facil-de-limpiar","status":"publish","type":"product","link":"https:\/\/old.elalmacendeloza.com\/en\/nueva-coleccion\/romeo-individuales-facil-de-limpiar\/","title":{"rendered":"Romeo- Individuales f\u00e1cil de limpiar"},"content":{"rendered":"<div class=\"container-description\">\n<div class=\"description\">\n<h3 class=\"title-description\"> Romeo individuales  <\/h3>\n<p> Los individuales m\u00e1s pr\u00e1cticos para diario, gracias a su textura son f\u00e1ciles de limpiar. Imitan al cuero en alegres colores.<\/p>\n<h3 class=\"title-description\"> Caracter\u00edsticas:  <\/h3>\n<p> Medida:35x48cm <\/p>\n<p>Material:90% PVC, 10% poli\u00e9ster <\/p>\n<\/p><\/div>\n<div class=\"square\">\n<h3 class=\"title-description\">Cuidados<\/h3>\n<ul class=\"ul-square\">\n<li class=\"li-square\"> Limpiar con un pa\u00f1o h\u00famedo <\/li>\n<li class=\"li-square\"> secar antes de guardar. <\/li>\n<\/ul><\/div>\n<\/div>\n","protected":false},"excerpt":{"rendered":"<p>35X48cm<\/p>\n","protected":false},"featured_media":21953,"comment_status":"open","ping_status":"closed","template":"","meta":[],"product_brand":[],"product_cat":[125,1773],"product_tag":[],"class_list":{"0":"post-21952","1":"product","2":"type-product","3":"status-publish","4":"has-post-thumbnail","6":"product_cat-individuales","7":"product_cat-nueva-coleccion","8":"pa_brand-opjet-paris","9":"pa_color-azul-claro","10":"pa_color-rojo","11":"pa_color-verde-menta","12":"pa_tamano-35x48cm","14":"first","15":"instock","16":"taxable","17":"shipping-taxable","18":"purchasable","19":"product-type-variable"},"_links":{"self":[{"href":"https:\/\/old.elalmacendeloza.com\/en\/wp-json\/wp\/v2\/product\/21952","targetHints":{"allow":["GET"]}}],"collection":[{"href":"https:\/\/old.elalmacendeloza.com\/en\/wp-json\/wp\/v2\/product"}],"about":[{"href":"https:\/\/old.elalmacendeloza.com\/en\/wp-json\/wp\/v2\/types\/product"}],"replies":[{"embeddable":true,"href":"https:\/\/old.elalmacendeloza.com\/en\/wp-json\/wp\/v2\/comments?post=21952"}],"wp:featuredmedia":[{"embeddable":true,"href":"https:\/\/old.elalmacendeloza.com\/en\/wp-json\/wp\/v2\/media\/21953"}],"wp:attachment":[{"href":"https:\/\/old.elalmacendeloza.com\/en\/wp-json\/wp\/v2\/media?parent=21952"}],"wp:term":[{"taxonomy":"product_brand","embeddable":true,"href":"https:\/\/old.elalmacendeloza.com\/en\/wp-json\/wp\/v2\/product_brand?post=21952"},{"taxonomy":"product_cat","embeddable":true,"href":"https:\/\/old.elalmacendeloza.com\/en\/wp-json\/wp\/v2\/product_cat?post=21952"},{"taxonomy":"product_tag","embeddable":true,"href":"https:\/\/old.elalmacendeloza.com\/en\/wp-json\/wp\/v2\/product_tag?post=21952"}],"curies":[{"name":"wp","href":"https:\/\/api.w.org\/{rel}","templated":true}]}}