{"id":21424,"date":"2025-12-15T16:15:22","date_gmt":"2025-12-15T15:15:22","guid":{"rendered":"https:\/\/elalmacendeloza.com\/sin%20categor\u00eda\/botijo-aceitera-antigoteo\/"},"modified":"2026-04-27T11:02:00","modified_gmt":"2026-04-27T09:02:00","slug":"botijo-aceitera-antigoteo","status":"publish","type":"product","link":"https:\/\/old.elalmacendeloza.com\/en\/table-accessories\/cruets-and-salt-shakers\/botijo-aceitera-antigoteo\/","title":{"rendered":"Botijo- Aceitera antigoteo"},"content":{"rendered":"<div class=\"container-description\">\n<div class=\"description\">\n<h3 class=\"title-description\"> Botijo &#8211; Aceitera antigoteo <\/h3>\n<p>  Aceitera de borosiricato con sistema antigoteo para evitar manchar. Frente al vidrio tradicional, el vidrio borosilicato es elegido por su durabilidad y su resistencia. Dise\u00f1ado minimalista que le dar\u00e1 un toque elegante y sofisticado a tu cocina. Dos tama\u00f1os disponibles<\/p>\n<h3 class=\"title-description\"> Caracter\u00edsticas:  <\/h3>\n<p> Medida:11,7&#215;8,5&#215;8,5 cm  250ml \/ 14,5&#215;10,5&#215;10,5 cm 500ml <\/p>\n<p>Material:Borosiricato <\/p>\n<\/p><\/div>\n<div class=\"square\">\n<h3 class=\"title-description\">Cuidados<\/h3>\n<ul class=\"ul-square\">\n<li class=\"li-square\"> Apto para lavaplatos <\/li>\n<\/ul><\/div>\n<\/div>\n","protected":false},"excerpt":{"rendered":"<p>Dos medidas disponibles 500ml \/250ml<\/p>\n<p><\/p>\n","protected":false},"featured_media":21425,"comment_status":"open","ping_status":"closed","template":"","meta":[],"product_brand":[],"product_cat":[84],"product_tag":[],"class_list":{"0":"post-21424","1":"product","2":"type-product","3":"status-publish","4":"has-post-thumbnail","6":"product_cat-vinagreras-y-saleros","7":"pa_brand-balvi","8":"pa_color-transparente","9":"pa_tamano-250ml","10":"pa_tamano-500ml","12":"first","13":"instock","14":"taxable","15":"shipping-taxable","16":"purchasable","17":"product-type-variable"},"_links":{"self":[{"href":"https:\/\/old.elalmacendeloza.com\/en\/wp-json\/wp\/v2\/product\/21424","targetHints":{"allow":["GET"]}}],"collection":[{"href":"https:\/\/old.elalmacendeloza.com\/en\/wp-json\/wp\/v2\/product"}],"about":[{"href":"https:\/\/old.elalmacendeloza.com\/en\/wp-json\/wp\/v2\/types\/product"}],"replies":[{"embeddable":true,"href":"https:\/\/old.elalmacendeloza.com\/en\/wp-json\/wp\/v2\/comments?post=21424"}],"wp:featuredmedia":[{"embeddable":true,"href":"https:\/\/old.elalmacendeloza.com\/en\/wp-json\/wp\/v2\/media\/21425"}],"wp:attachment":[{"href":"https:\/\/old.elalmacendeloza.com\/en\/wp-json\/wp\/v2\/media?parent=21424"}],"wp:term":[{"taxonomy":"product_brand","embeddable":true,"href":"https:\/\/old.elalmacendeloza.com\/en\/wp-json\/wp\/v2\/product_brand?post=21424"},{"taxonomy":"product_cat","embeddable":true,"href":"https:\/\/old.elalmacendeloza.com\/en\/wp-json\/wp\/v2\/product_cat?post=21424"},{"taxonomy":"product_tag","embeddable":true,"href":"https:\/\/old.elalmacendeloza.com\/en\/wp-json\/wp\/v2\/product_tag?post=21424"}],"curies":[{"name":"wp","href":"https:\/\/api.w.org\/{rel}","templated":true}]}}