{"id":20473,"date":"2025-10-20T10:48:38","date_gmt":"2025-10-20T08:48:38","guid":{"rendered":"https:\/\/elalmacendeloza.com\/sin%20categor\u00eda\/mimbre-cesto-de-pan-trenzado\/"},"modified":"2026-04-27T12:58:42","modified_gmt":"2026-04-27T10:58:42","slug":"mimbre-cesto-de-pan-trenzado","status":"publish","type":"product","link":"https:\/\/old.elalmacendeloza.com\/en\/los-mas-deseados\/mimbre-cesto-de-pan-trenzado\/","title":{"rendered":"Mimbre- cesto de pan trenzado"},"content":{"rendered":"<div class=\"container-description\">\n<div class=\"description\">\n<h3 class=\"title-description\"> Cestito de pan mimbre trenzado <\/h3>\n<p>  Cestito de mimbre natural  para pan realizado artesanalmente en Espa\u00f1a. Le puedes a\u00f1adir un pa\u00f1ito de pan para darle un toque m\u00e1s vestido a tu cestito  <\/p>\n<p> Medida: \u00d810x alt5cm <\/p>\n<p>Material: Mimbre <\/p>\n<\/p><\/div>\n<div class=\"square\">\n<h3 class=\"title-description\">Cuidados<\/h3>\n<ul class=\"ul-square\">\n<li class=\"li-square\">No necesita cuidados . <\/li>\n<\/ul><\/div>\n<\/div>\n","protected":false},"excerpt":{"rendered":"<p>11cm<\/p>\n","protected":false},"featured_media":20474,"comment_status":"open","ping_status":"closed","template":"","meta":[],"product_brand":[],"product_cat":[1473,95],"product_tag":[],"class_list":{"0":"post-20473","1":"product","2":"type-product","3":"status-publish","4":"has-post-thumbnail","6":"product_cat-los-mas-deseados","7":"product_cat-paneras","8":"pa_brand-san-jose-artesania","9":"pa_color-natural","10":"pa_tamano-11cm","12":"first","13":"instock","14":"taxable","15":"shipping-taxable","16":"purchasable","17":"product-type-simple"},"_links":{"self":[{"href":"https:\/\/old.elalmacendeloza.com\/en\/wp-json\/wp\/v2\/product\/20473","targetHints":{"allow":["GET"]}}],"collection":[{"href":"https:\/\/old.elalmacendeloza.com\/en\/wp-json\/wp\/v2\/product"}],"about":[{"href":"https:\/\/old.elalmacendeloza.com\/en\/wp-json\/wp\/v2\/types\/product"}],"replies":[{"embeddable":true,"href":"https:\/\/old.elalmacendeloza.com\/en\/wp-json\/wp\/v2\/comments?post=20473"}],"wp:featuredmedia":[{"embeddable":true,"href":"https:\/\/old.elalmacendeloza.com\/en\/wp-json\/wp\/v2\/media\/20474"}],"wp:attachment":[{"href":"https:\/\/old.elalmacendeloza.com\/en\/wp-json\/wp\/v2\/media?parent=20473"}],"wp:term":[{"taxonomy":"product_brand","embeddable":true,"href":"https:\/\/old.elalmacendeloza.com\/en\/wp-json\/wp\/v2\/product_brand?post=20473"},{"taxonomy":"product_cat","embeddable":true,"href":"https:\/\/old.elalmacendeloza.com\/en\/wp-json\/wp\/v2\/product_cat?post=20473"},{"taxonomy":"product_tag","embeddable":true,"href":"https:\/\/old.elalmacendeloza.com\/en\/wp-json\/wp\/v2\/product_tag?post=20473"}],"curies":[{"name":"wp","href":"https:\/\/api.w.org\/{rel}","templated":true}]}}