{"id":19707,"date":"2025-07-01T18:23:16","date_gmt":"2025-07-01T16:23:16","guid":{"rendered":"https:\/\/elalmacendeloza.com\/sin%20categor\u00eda\/mantel-mexico-200x300cm\/"},"modified":"2026-01-09T16:38:18","modified_gmt":"2026-01-09T15:38:18","slug":"mantel-mexico-200x300cm","status":"publish","type":"product","link":"https:\/\/old.elalmacendeloza.com\/en\/table-linen\/tablecloths\/mantel-mexico-200x300cm\/","title":{"rendered":"Mantel M\u00e9xico 200x300cm"},"content":{"rendered":"<div class=\"container-description\">\n<div class=\"description\">\n<h3 class=\"title-description\"> Mantel M\u00e9xico  <\/h3>\n<p>Sencillez y elegancia es lo que respira el mantel M\u00e9xico, un b\u00e1sico original para tus mesas de cualquier estaci\u00f3n del a\u00f1o. En un color beige con una franja en el medio de hilos bordados en tonos naranjas.<\/p>\n<h3 class=\"title-description\"> Caracter\u00edsticas:  <\/h3>\n<p> Medida: 200x300cm  <\/p>\n<p>Material:70% algod\u00f3n 30% lino<\/p>\n<\/p><\/div>\n<div class=\"square\">\n<h3 class=\"title-description\">Cuidados<\/h3>\n<ul class=\"ul-square\">\n<li class=\"li-square\"> Lavar en fr\u00edo <\/li>\n<li class=\"li-square\"> F\u00e1cil planchado  <\/li>\n<\/ul><\/div>\n<\/div>\n","protected":false},"excerpt":{"rendered":"<p>70% algod\u00f3n 30% lino. Mantel con hilo bordado a mitad.\u00a0<\/p>\n","protected":false},"featured_media":19708,"comment_status":"open","ping_status":"closed","template":"","meta":[],"product_brand":[],"product_cat":[126],"product_tag":[],"class_list":{"0":"post-19707","1":"product","2":"type-product","3":"status-publish","4":"has-post-thumbnail","6":"product_cat-manteles","7":"pa_brand-bedandphilosophy","8":"pa_color-beige","9":"pa_tamano-200x300cm","11":"first","12":"instock","13":"taxable","14":"shipping-taxable","15":"purchasable","16":"product-type-simple"},"_links":{"self":[{"href":"https:\/\/old.elalmacendeloza.com\/en\/wp-json\/wp\/v2\/product\/19707","targetHints":{"allow":["GET"]}}],"collection":[{"href":"https:\/\/old.elalmacendeloza.com\/en\/wp-json\/wp\/v2\/product"}],"about":[{"href":"https:\/\/old.elalmacendeloza.com\/en\/wp-json\/wp\/v2\/types\/product"}],"replies":[{"embeddable":true,"href":"https:\/\/old.elalmacendeloza.com\/en\/wp-json\/wp\/v2\/comments?post=19707"}],"wp:featuredmedia":[{"embeddable":true,"href":"https:\/\/old.elalmacendeloza.com\/en\/wp-json\/wp\/v2\/media\/19708"}],"wp:attachment":[{"href":"https:\/\/old.elalmacendeloza.com\/en\/wp-json\/wp\/v2\/media?parent=19707"}],"wp:term":[{"taxonomy":"product_brand","embeddable":true,"href":"https:\/\/old.elalmacendeloza.com\/en\/wp-json\/wp\/v2\/product_brand?post=19707"},{"taxonomy":"product_cat","embeddable":true,"href":"https:\/\/old.elalmacendeloza.com\/en\/wp-json\/wp\/v2\/product_cat?post=19707"},{"taxonomy":"product_tag","embeddable":true,"href":"https:\/\/old.elalmacendeloza.com\/en\/wp-json\/wp\/v2\/product_tag?post=19707"}],"curies":[{"name":"wp","href":"https:\/\/api.w.org\/{rel}","templated":true}]}}