{"id":17024,"date":"2025-01-30T14:42:09","date_gmt":"2025-01-30T14:42:09","guid":{"rendered":"https:\/\/elalmacendeloza.com\/sin%20categor\u00eda\/cotash-individuales-ovalados-flores\/"},"modified":"2025-10-18T13:23:48","modified_gmt":"2025-10-18T11:23:48","slug":"cotash-individuales-ovalados-flores","status":"publish","type":"product","link":"https:\/\/old.elalmacendeloza.com\/en\/marcas-invitadas\/cotash\/cotash-individuales-ovalados-flores\/","title":{"rendered":"Cotash individuales ovalados flores"},"content":{"rendered":"<div class=\"container-description\">\n<div class=\"description\">\n<h3 class=\"title-description\"> Individuales ovalados de flores   <\/h3>\n<p> Para los que buscan elementos diferentes en su mesa, los Individuales  cotash son la elecci\u00f3n ideal para una mesa diferente con un toque floral. Realizados en  madera con dise\u00f1o floral en diferentes colores. Dise\u00f1ado y elaborado en Espa\u00f1a. Confeccionado por personas con discapacidad y en riesgo de exclusi\u00f3n social. Se hacen por encargo. <\/p>\n<h3 class=\"title-description\"> Caracter\u00edsticas:  <\/h3>\n<p> Medida:42.36cm <\/p>\n<p>Material: madera<\/p>\n<\/p><\/div>\n<div class=\"square\">\n<h3 class=\"title-description\">Cuidados<\/h3>\n<ul class=\"ul-square\">\n<li class=\"li-square\"> Limpiar con un pa\u00f1o h\u00famedo<\/li>\n<\/ul><\/div>\n<\/div>\n","protected":false},"excerpt":{"rendered":"<p>Disponibles en varios colores. Se hacen por encargo.\u00a0\u00a0<\/p>\n","protected":false},"featured_media":17025,"comment_status":"open","ping_status":"closed","template":"","meta":[],"product_brand":[],"product_cat":[1430],"product_tag":[],"class_list":{"0":"post-17024","1":"product","2":"type-product","3":"status-publish","4":"has-post-thumbnail","6":"product_cat-cotash","7":"pa_color-amarillo","8":"pa_color-azul","9":"pa_color-granate","10":"pa_color-gris","11":"pa_color-verde","12":"pa_color-verde-manzana","13":"pa_tamano-42x36cm","15":"first","16":"instock","17":"taxable","18":"shipping-taxable","19":"purchasable","20":"product-type-variable"},"_links":{"self":[{"href":"https:\/\/old.elalmacendeloza.com\/en\/wp-json\/wp\/v2\/product\/17024","targetHints":{"allow":["GET"]}}],"collection":[{"href":"https:\/\/old.elalmacendeloza.com\/en\/wp-json\/wp\/v2\/product"}],"about":[{"href":"https:\/\/old.elalmacendeloza.com\/en\/wp-json\/wp\/v2\/types\/product"}],"replies":[{"embeddable":true,"href":"https:\/\/old.elalmacendeloza.com\/en\/wp-json\/wp\/v2\/comments?post=17024"}],"wp:featuredmedia":[{"embeddable":true,"href":"https:\/\/old.elalmacendeloza.com\/en\/wp-json\/wp\/v2\/media\/17025"}],"wp:attachment":[{"href":"https:\/\/old.elalmacendeloza.com\/en\/wp-json\/wp\/v2\/media?parent=17024"}],"wp:term":[{"taxonomy":"product_brand","embeddable":true,"href":"https:\/\/old.elalmacendeloza.com\/en\/wp-json\/wp\/v2\/product_brand?post=17024"},{"taxonomy":"product_cat","embeddable":true,"href":"https:\/\/old.elalmacendeloza.com\/en\/wp-json\/wp\/v2\/product_cat?post=17024"},{"taxonomy":"product_tag","embeddable":true,"href":"https:\/\/old.elalmacendeloza.com\/en\/wp-json\/wp\/v2\/product_tag?post=17024"}],"curies":[{"name":"wp","href":"https:\/\/api.w.org\/{rel}","templated":true}]}}