{"id":16666,"date":"2024-12-05T13:19:45","date_gmt":"2024-12-05T12:19:45","guid":{"rendered":"https:\/\/elalmacendeloza.com\/sin%20categor\u00eda\/navidad-cuento-servilleta-lino-set-4\/"},"modified":"2026-01-09T16:32:46","modified_gmt":"2026-01-09T15:32:46","slug":"florecitas-servilleta-lino-set-4","status":"publish","type":"product","link":"https:\/\/old.elalmacendeloza.com\/en\/table-linen\/napkins\/tela-en\/florecitas-servilleta-lino-set-4\/","title":{"rendered":"Florecitas servilleta lino set 4"},"content":{"rendered":"<div class=\"container-description\">\n<div class=\"description\">\n<h3 class=\"title-description\"> Set 4 servilletas de lino bordadas <\/h3>\n<p>Servilletas atemporales que juegan con la flor dise\u00f1ada en la colecci\u00f3n de Navidad del cuento de Bel\u00e9n. Comb\u00ednalas con el individual o con el mantel. O con cualquier otro mantel que tengas en casa.  Servilletas bordadas con flores  <\/p>\n<h3 class=\"title-description\"> Caracter\u00edsticas:  <\/h3>\n<p> Medida: 45X45cm <\/p>\n<p>Material: Lino 100%  <\/p>\n<\/p><\/div>\n<div class=\"square\">\n<h3 class=\"title-description\">Cuidados<\/h3>\n<ul class=\"ul-square\">\n<li class=\"li-square\"> Se recomienda lavar en programas de fr\u00edo <\/li>\n<li class=\"li-square\">  F\u00e1cil planchado.<\/li>\n<\/ul><\/div>\n<\/div>\n","protected":false},"excerpt":{"rendered":"<p>45x45cm incluye 4 servilletas de lino bordadas.<\/p>\n","protected":false},"featured_media":16667,"comment_status":"open","ping_status":"closed","template":"","meta":[],"product_brand":[],"product_cat":[607],"product_tag":[],"class_list":{"0":"post-16666","1":"product","2":"type-product","3":"status-publish","4":"has-post-thumbnail","6":"product_cat-tela","7":"pa_brand-mamma-secret","8":"pa_sa_dibujo-flores","9":"pa_tamano-45x45cm","11":"first","12":"instock","13":"taxable","14":"shipping-taxable","15":"purchasable","16":"product-type-simple"},"_links":{"self":[{"href":"https:\/\/old.elalmacendeloza.com\/en\/wp-json\/wp\/v2\/product\/16666","targetHints":{"allow":["GET"]}}],"collection":[{"href":"https:\/\/old.elalmacendeloza.com\/en\/wp-json\/wp\/v2\/product"}],"about":[{"href":"https:\/\/old.elalmacendeloza.com\/en\/wp-json\/wp\/v2\/types\/product"}],"replies":[{"embeddable":true,"href":"https:\/\/old.elalmacendeloza.com\/en\/wp-json\/wp\/v2\/comments?post=16666"}],"wp:featuredmedia":[{"embeddable":true,"href":"https:\/\/old.elalmacendeloza.com\/en\/wp-json\/wp\/v2\/media\/16667"}],"wp:attachment":[{"href":"https:\/\/old.elalmacendeloza.com\/en\/wp-json\/wp\/v2\/media?parent=16666"}],"wp:term":[{"taxonomy":"product_brand","embeddable":true,"href":"https:\/\/old.elalmacendeloza.com\/en\/wp-json\/wp\/v2\/product_brand?post=16666"},{"taxonomy":"product_cat","embeddable":true,"href":"https:\/\/old.elalmacendeloza.com\/en\/wp-json\/wp\/v2\/product_cat?post=16666"},{"taxonomy":"product_tag","embeddable":true,"href":"https:\/\/old.elalmacendeloza.com\/en\/wp-json\/wp\/v2\/product_tag?post=16666"}],"curies":[{"name":"wp","href":"https:\/\/api.w.org\/{rel}","templated":true}]}}