{"id":16242,"date":"2024-11-21T23:03:09","date_gmt":"2024-11-21T22:03:09","guid":{"rendered":"https:\/\/elalmacendeloza.com\/sin%20categor\u00eda\/servilletas-elodie-set-4\/"},"modified":"2026-01-09T16:35:17","modified_gmt":"2026-01-09T15:35:17","slug":"servilletas-elodie-set-4","status":"publish","type":"product","link":"https:\/\/old.elalmacendeloza.com\/en\/table-linen\/napkins\/tela-en\/servilletas-elodie-set-4\/","title":{"rendered":"Servilletas Elodie set 4"},"content":{"rendered":"<div class=\"container-description\">\n<div class=\"description\">\n<h3 class=\"title-description\"> Elodie set 4 servilletas  <\/h3>\n<p>  Set de 4 servilletas de algod\u00f3n impreso en bloque a mano en la India a juego con el mantel Elodie. Disponibles en verde agua y blanco. Unas servilletas vers\u00e1tiles que puedes usar tanto en Navidad como el resto del a\u00f1o por su dise\u00f1o sencillo y f\u00e1cil de combinar.  <\/p>\n<h3 class=\"title-description\"> Caracter\u00edsticas:  <\/h3>\n<p> Medida: 45x45cm<\/p>\n<p>Material: Algod\u00f3n<\/p>\n<\/p><\/div>\n<div class=\"square\">\n<h3 class=\"title-description\">Cuidados<\/h3>\n<ul class=\"ul-square\">\n<li class=\"li-square\"> Lavar en agua fr\u00eda, no usar secadora. <\/li>\n<\/ul><\/div>\n<\/div>\n","protected":false},"excerpt":{"rendered":"<p>45x45cm<\/p>\n","protected":false},"featured_media":16243,"comment_status":"open","ping_status":"closed","template":"","meta":[],"product_brand":[],"product_cat":[607],"product_tag":[],"class_list":{"0":"post-16242","1":"product","2":"type-product","3":"status-publish","4":"has-post-thumbnail","6":"product_cat-tela","7":"pa_brand-lnh","8":"pa_color-aguamarina-verde","9":"pa_tamano-45x45cm","11":"first","12":"instock","13":"taxable","14":"shipping-taxable","15":"purchasable","16":"product-type-simple"},"_links":{"self":[{"href":"https:\/\/old.elalmacendeloza.com\/en\/wp-json\/wp\/v2\/product\/16242","targetHints":{"allow":["GET"]}}],"collection":[{"href":"https:\/\/old.elalmacendeloza.com\/en\/wp-json\/wp\/v2\/product"}],"about":[{"href":"https:\/\/old.elalmacendeloza.com\/en\/wp-json\/wp\/v2\/types\/product"}],"replies":[{"embeddable":true,"href":"https:\/\/old.elalmacendeloza.com\/en\/wp-json\/wp\/v2\/comments?post=16242"}],"wp:featuredmedia":[{"embeddable":true,"href":"https:\/\/old.elalmacendeloza.com\/en\/wp-json\/wp\/v2\/media\/16243"}],"wp:attachment":[{"href":"https:\/\/old.elalmacendeloza.com\/en\/wp-json\/wp\/v2\/media?parent=16242"}],"wp:term":[{"taxonomy":"product_brand","embeddable":true,"href":"https:\/\/old.elalmacendeloza.com\/en\/wp-json\/wp\/v2\/product_brand?post=16242"},{"taxonomy":"product_cat","embeddable":true,"href":"https:\/\/old.elalmacendeloza.com\/en\/wp-json\/wp\/v2\/product_cat?post=16242"},{"taxonomy":"product_tag","embeddable":true,"href":"https:\/\/old.elalmacendeloza.com\/en\/wp-json\/wp\/v2\/product_tag?post=16242"}],"curies":[{"name":"wp","href":"https:\/\/api.w.org\/{rel}","templated":true}]}}