{"id":16123,"date":"2024-11-20T16:59:16","date_gmt":"2024-11-20T15:59:16","guid":{"rendered":"https:\/\/elalmacendeloza.com\/sin%20categor\u00eda\/roseta-de-papel-oliva-26cm\/"},"modified":"2026-01-09T16:48:21","modified_gmt":"2026-01-09T15:48:21","slug":"roseta-de-papel-oliva-26cm","status":"publish","type":"product","link":"https:\/\/old.elalmacendeloza.com\/en\/table-accessories\/table-decoration\/roseta-de-papel-oliva-26cm\/","title":{"rendered":"Roseta de papel oliva 26cm"},"content":{"rendered":"<p>div class=&#8221;container-description&#8221;&gt;<\/p>\n<div class=\"description\">\n<h3 class=\"title-description\"> Roseta de papel  <\/h3>\n<p> La \u00faltimo en decoraci\u00f3n navide\u00f1a este a\u00f1o es el papel. Estas rosetas de papel pintado son \u00fanicas para colgar o poner en cualquier rinc\u00f3n de la casa. Elegantes y diferentes. Disponibles en diferentes tama\u00f1os y colores.<\/p>\n<h3 class=\"title-description\"> Caracter\u00edsticas:  <\/h3>\n<p> Medida: D26cm <\/p>\n<p>Material: Papel pintado<\/p>\n<\/p><\/div>\n<div class=\"square\">\n<h3 class=\"title-description\">Cuidados<\/h3>\n<ul class=\"ul-square\">\n<li class=\"li-square\"> Limpiar con un pa\u00f1o<\/li>\n<\/ul><\/div>\n<\/div>\n","protected":false},"excerpt":{"rendered":"<p>26cm<\/p>\n","protected":false},"featured_media":16124,"comment_status":"open","ping_status":"closed","template":"","meta":[],"product_brand":[],"product_cat":[77],"product_tag":[],"class_list":{"0":"post-16123","1":"product","2":"type-product","3":"status-publish","4":"has-post-thumbnail","6":"product_cat-decoracion-mesa","7":"pa_brand-bungalow","8":"pa_color-verde","9":"pa_tamano-26-cm","11":"first","12":"instock","13":"featured","14":"taxable","15":"shipping-taxable","16":"purchasable","17":"product-type-simple"},"_links":{"self":[{"href":"https:\/\/old.elalmacendeloza.com\/en\/wp-json\/wp\/v2\/product\/16123","targetHints":{"allow":["GET"]}}],"collection":[{"href":"https:\/\/old.elalmacendeloza.com\/en\/wp-json\/wp\/v2\/product"}],"about":[{"href":"https:\/\/old.elalmacendeloza.com\/en\/wp-json\/wp\/v2\/types\/product"}],"replies":[{"embeddable":true,"href":"https:\/\/old.elalmacendeloza.com\/en\/wp-json\/wp\/v2\/comments?post=16123"}],"wp:featuredmedia":[{"embeddable":true,"href":"https:\/\/old.elalmacendeloza.com\/en\/wp-json\/wp\/v2\/media\/16124"}],"wp:attachment":[{"href":"https:\/\/old.elalmacendeloza.com\/en\/wp-json\/wp\/v2\/media?parent=16123"}],"wp:term":[{"taxonomy":"product_brand","embeddable":true,"href":"https:\/\/old.elalmacendeloza.com\/en\/wp-json\/wp\/v2\/product_brand?post=16123"},{"taxonomy":"product_cat","embeddable":true,"href":"https:\/\/old.elalmacendeloza.com\/en\/wp-json\/wp\/v2\/product_cat?post=16123"},{"taxonomy":"product_tag","embeddable":true,"href":"https:\/\/old.elalmacendeloza.com\/en\/wp-json\/wp\/v2\/product_tag?post=16123"}],"curies":[{"name":"wp","href":"https:\/\/api.w.org\/{rel}","templated":true}]}}