{"id":16048,"date":"2024-11-20T15:22:40","date_gmt":"2024-11-20T14:22:40","guid":{"rendered":"https:\/\/elalmacendeloza.com\/sin%20categor\u00eda\/iraca-papeleras\/"},"modified":"2026-02-17T18:39:26","modified_gmt":"2026-02-17T17:39:26","slug":"iraca-papeleras","status":"publish","type":"product","link":"https:\/\/old.elalmacendeloza.com\/en\/baskets\/paper-bin\/iraca-papeleras\/","title":{"rendered":"Iraca -Papeleras"},"content":{"rendered":"<div class=\"container-description\">\n<div class=\"description\">\n<h3 class=\"title-description\">Iraca- Papeleras  <\/h3>\n<p>Papeleras elaboradas a mano por artesanos colombianos con hoja de iraca seg\u00fan la tradici\u00f3n local.  Disponibles en varios tama\u00f1os y colores<\/p>\n<p> Medida: Grande, Mediano, Peque\u00f1o <\/p>\n<p>Material: Iraca<\/p>\n<\/p><\/div>\n<div class=\"square\">\n<h3 class=\"title-description\">Cuidados<\/h3>\n<ul class=\"ul-square\">\n<li class=\"li-square\"> Pa\u00f1o h\u00famedo<\/li>\n<\/ul><\/div>\n<\/div>\n","protected":false},"excerpt":{"rendered":"<p>Hechos a mano.<\/p>\n","protected":false},"featured_media":16049,"comment_status":"open","ping_status":"closed","template":"","meta":[],"product_brand":[],"product_cat":[94],"product_tag":[],"class_list":{"0":"post-16048","1":"product","2":"type-product","3":"status-publish","4":"has-post-thumbnail","6":"product_cat-papelera","7":"pa_brand-sugar-cane","8":"pa_color-multicolor","9":"pa_color-natural","10":"pa_color-rosa","11":"pa_color-verde","12":"pa_tamano-mediano","13":"pa_tamano-pequeno","15":"first","16":"instock","17":"taxable","18":"shipping-taxable","19":"purchasable","20":"product-type-variable"},"_links":{"self":[{"href":"https:\/\/old.elalmacendeloza.com\/en\/wp-json\/wp\/v2\/product\/16048","targetHints":{"allow":["GET"]}}],"collection":[{"href":"https:\/\/old.elalmacendeloza.com\/en\/wp-json\/wp\/v2\/product"}],"about":[{"href":"https:\/\/old.elalmacendeloza.com\/en\/wp-json\/wp\/v2\/types\/product"}],"replies":[{"embeddable":true,"href":"https:\/\/old.elalmacendeloza.com\/en\/wp-json\/wp\/v2\/comments?post=16048"}],"wp:featuredmedia":[{"embeddable":true,"href":"https:\/\/old.elalmacendeloza.com\/en\/wp-json\/wp\/v2\/media\/16049"}],"wp:attachment":[{"href":"https:\/\/old.elalmacendeloza.com\/en\/wp-json\/wp\/v2\/media?parent=16048"}],"wp:term":[{"taxonomy":"product_brand","embeddable":true,"href":"https:\/\/old.elalmacendeloza.com\/en\/wp-json\/wp\/v2\/product_brand?post=16048"},{"taxonomy":"product_cat","embeddable":true,"href":"https:\/\/old.elalmacendeloza.com\/en\/wp-json\/wp\/v2\/product_cat?post=16048"},{"taxonomy":"product_tag","embeddable":true,"href":"https:\/\/old.elalmacendeloza.com\/en\/wp-json\/wp\/v2\/product_tag?post=16048"}],"curies":[{"name":"wp","href":"https:\/\/api.w.org\/{rel}","templated":true}]}}