{"id":15446,"date":"2024-10-21T15:44:53","date_gmt":"2024-10-21T13:44:53","guid":{"rendered":"https:\/\/elalmacendeloza.com\/sin%20categor\u00eda\/huerto-hinojo\/"},"modified":"2026-01-15T12:36:43","modified_gmt":"2026-01-15T11:36:43","slug":"huerto-hinojo","status":"publish","type":"product","link":"https:\/\/old.elalmacendeloza.com\/en\/table-accessories\/table-decoration\/huerto-hinojo\/","title":{"rendered":"Huerto Hinojo"},"content":{"rendered":"<div class=\"container-description\">\n<div class=\"description\">\n<h3 class=\"title-description\"> Hinojo cer\u00e1mica   <\/h3>\n<p>Este peque\u00f1o hinojo es una pieza de loza artesanal italiana que refleja la dedicaci\u00f3n y el cuidado con que ha sido creada. Hecho a mano por h\u00e1biles artesanos, cada pieza es \u00fanica, lo que aporta un valor especial a su car\u00e1cter decorativo. Los detalles minuciosos de las hojas y las formas redondeadas capturan la esencia del hinojo fresco, convirti\u00e9ndolo en una pieza perfecta para dar un toque fresco y natural a cualquier espacio. La cer\u00e1mica hecha a mano en Italia, reconocida por su tradici\u00f3n y excelencia, hace de este hinojo una obra de arte \u00fanica. <\/p>\n<h3 class=\"title-description\"> Caracter\u00edsticas:  <\/h3>\n<p> Medida:9x10cm<\/p>\n<p>Material:Loza<\/p>\n<div class=\"square\">\n<h3 class=\"title-description\">Cuidados<\/h3>\n<ul class=\"ul-square\">\n<li class=\"li-square\"> Se recomienda lava a mano<\/li>\n<li class=\"li-square\"> Producto fr\u00e1gil.<\/li>\n<\/ul><\/div>\n<\/div>\n","protected":false},"excerpt":{"rendered":"<p>Este hinojo de cer\u00e1mica reproduce con fidelidad sus delicados detalles, aportando un toque de frescura a cualquier ambiente. Hecho a mano en loza en Italia.<\/p>\n<p><\/p>\n","protected":false},"featured_media":15447,"comment_status":"open","ping_status":"closed","template":"","meta":[],"product_brand":[],"product_cat":[77],"product_tag":[],"class_list":{"0":"post-15446","1":"product","2":"type-product","3":"status-publish","4":"has-post-thumbnail","6":"product_cat-decoracion-mesa","7":"pa_brand-annaluma","8":"pa_color-verde-blanco","9":"pa_sa_tallas-unico","11":"first","12":"instock","13":"taxable","14":"shipping-taxable","15":"purchasable","16":"product-type-simple"},"_links":{"self":[{"href":"https:\/\/old.elalmacendeloza.com\/en\/wp-json\/wp\/v2\/product\/15446","targetHints":{"allow":["GET"]}}],"collection":[{"href":"https:\/\/old.elalmacendeloza.com\/en\/wp-json\/wp\/v2\/product"}],"about":[{"href":"https:\/\/old.elalmacendeloza.com\/en\/wp-json\/wp\/v2\/types\/product"}],"replies":[{"embeddable":true,"href":"https:\/\/old.elalmacendeloza.com\/en\/wp-json\/wp\/v2\/comments?post=15446"}],"wp:featuredmedia":[{"embeddable":true,"href":"https:\/\/old.elalmacendeloza.com\/en\/wp-json\/wp\/v2\/media\/15447"}],"wp:attachment":[{"href":"https:\/\/old.elalmacendeloza.com\/en\/wp-json\/wp\/v2\/media?parent=15446"}],"wp:term":[{"taxonomy":"product_brand","embeddable":true,"href":"https:\/\/old.elalmacendeloza.com\/en\/wp-json\/wp\/v2\/product_brand?post=15446"},{"taxonomy":"product_cat","embeddable":true,"href":"https:\/\/old.elalmacendeloza.com\/en\/wp-json\/wp\/v2\/product_cat?post=15446"},{"taxonomy":"product_tag","embeddable":true,"href":"https:\/\/old.elalmacendeloza.com\/en\/wp-json\/wp\/v2\/product_tag?post=15446"}],"curies":[{"name":"wp","href":"https:\/\/api.w.org\/{rel}","templated":true}]}}