{"id":13602,"date":"2023-10-04T16:46:03","date_gmt":"2023-10-04T14:46:03","guid":{"rendered":"https:\/\/elalmacendeloza.com\/uncategorized\/erik-glass-bottle\/"},"modified":"2023-10-04T14:46:03","modified_gmt":"2023-10-04T14:46:03","slug":"erik-glass-bottle","status":"publish","type":"product","link":"https:\/\/old.elalmacendeloza.com\/en\/glassware\/jug\/erik-glass-bottle\/","title":{"rendered":"Erik- Glass bottle"},"content":{"rendered":"<div class=\"container-description\">\n<div class=\"description\">\n<h3 class=\"title-description\">Erik- Glass bottle<\/h3>\n<p>  Set of glass bottles with stopper. They can serve as decanters.<\/p>\n<p>Size: Large: bottle neck \u00d8 10 cm x height 32cm x \u00d8 16cm underneath bottle; Small: \u00d8 7cm x height 30cm  <\/p>\n<p>Material: Glass<\/p>\n<\/p><\/div>\n<div class=\"square\">\n<h3 class=\"title-description\">Care<\/h3>\n<ul class=\"ul-square\">\n<li class=\"li-square\">Hand wash<\/li>\n<\/ul><\/div>\n<p>&lt;\/div<\/p>\n","protected":false},"excerpt":{"rendered":"<p>Two sizes available.<\/p>\n","protected":false},"featured_media":11540,"comment_status":"open","ping_status":"closed","template":"","meta":[],"product_brand":[],"product_cat":[741],"product_tag":[],"class_list":{"0":"post-13602","1":"product","2":"type-product","3":"status-publish","4":"has-post-thumbnail","6":"product_cat-jug","7":"pa_color-transparent","8":"pa_tamano-large","9":"pa_tamano-medium","11":"first","12":"instock","13":"taxable","14":"shipping-taxable","15":"purchasable","16":"product-type-variable"},"_links":{"self":[{"href":"https:\/\/old.elalmacendeloza.com\/en\/wp-json\/wp\/v2\/product\/13602","targetHints":{"allow":["GET"]}}],"collection":[{"href":"https:\/\/old.elalmacendeloza.com\/en\/wp-json\/wp\/v2\/product"}],"about":[{"href":"https:\/\/old.elalmacendeloza.com\/en\/wp-json\/wp\/v2\/types\/product"}],"replies":[{"embeddable":true,"href":"https:\/\/old.elalmacendeloza.com\/en\/wp-json\/wp\/v2\/comments?post=13602"}],"wp:featuredmedia":[{"embeddable":true,"href":"https:\/\/old.elalmacendeloza.com\/en\/wp-json\/wp\/v2\/media\/11540"}],"wp:attachment":[{"href":"https:\/\/old.elalmacendeloza.com\/en\/wp-json\/wp\/v2\/media?parent=13602"}],"wp:term":[{"taxonomy":"product_brand","embeddable":true,"href":"https:\/\/old.elalmacendeloza.com\/en\/wp-json\/wp\/v2\/product_brand?post=13602"},{"taxonomy":"product_cat","embeddable":true,"href":"https:\/\/old.elalmacendeloza.com\/en\/wp-json\/wp\/v2\/product_cat?post=13602"},{"taxonomy":"product_tag","embeddable":true,"href":"https:\/\/old.elalmacendeloza.com\/en\/wp-json\/wp\/v2\/product_tag?post=13602"}],"curies":[{"name":"wp","href":"https:\/\/api.w.org\/{rel}","templated":true}]}}